{"id":530,"date":"2016-04-10T12:01:47","date_gmt":"2016-04-10T10:01:47","guid":{"rendered":"http:\/\/notstand-der-republik.de\/wordpress\/?page_id=530"},"modified":"2016-04-16T17:49:09","modified_gmt":"2016-04-16T15:49:09","slug":"verweise","status":"publish","type":"page","link":"https:\/\/www.revolutionaere-front.de\/wordpress\/?page_id=530","title":{"rendered":"Verweise"},"content":{"rendered":"<h3><strong><a href=\"http:\/\/www.himmlischevier.de\">Das Begr\u00e4bnis oder die Himmlischen Vier &#8211; K<\/a><a href=\"http:\/\/www.himmlischevier.de\">lassenkampf statt Weltkrieg<\/a><\/strong><\/h3>\n<p>Aktionsseite &#8222;Das Begr\u00e4bnis oder die Himmlischen Vier&#8220;. Die Aktion erinnert jedes Jahr erneut an die Befreiung vom Hitlerfaschismus.<\/p>\n<hr \/>\n<h3 id=\"content\"><a href=\"http:\/\/www.jugendkongress-notstand-der-republik.org\">Jugendaktionsausschuss &#8211; <\/a><a href=\"http:\/\/www.jugendkongress-notstand-der-republik.org\">Notstand der Republik<\/a><\/h3>\n<p class=\"small\">Die Internetseite des Jugendaktionsausschuss &#8211; Notstand der Republik, der bei der Koordinierung des Kampfes gegen den Notstand der Republik vor allem im Jugendbereich arbeitet.<\/p>\n<hr \/>\n<div id=\"content\">\n<h3 class=\"small\"><a href=\"http:\/\/www.klassenkampf-gegen-notstand-der-republik.de\">Klassenkampf statt Wahlkampf &#8211; G<\/a><a href=\"http:\/\/www.klassenkampf-gegen-notstand-der-republik.de\">egen den Notstand der Repupblik!<\/a><\/h3>\n<p class=\"small\">Eine Aktionseinheit, die vom 12.9. &#8211; 27.9. 2009 quer durch die ganze Republik, vor Betrieben, Schulen und auf \u00f6ffentlichen Pl\u00e4tzen auf den Staatsumbau aufmerksam gemacht hat.<\/p>\n<hr \/>\n<p class=\"small\" style=\"text-align: justify;\">Aufgrund der herrschenden Gesetzeslage geben wir folgende Erkl\u00e4rung: F\u00fcr den Inhalt hier verlinkter Seiten wird von uns keine Verantwortung \u00fcbernommen. Da wir besonders auch die Liquidierung der b\u00fcrgerlichen Gesetze dokumentieren und brandmarken kann es nicht verwundern, wenn sich diese Gesetze auch gegen uns richten.<\/p>\n<\/div>\n","protected":false},"excerpt":{"rendered":"<p>Das Begr\u00e4bnis oder die Himmlischen Vier &#8211; Klassenkampf statt Weltkrieg Aktionsseite &#8222;Das Begr\u00e4bnis oder die Himmlischen Vier&#8220;. Die Aktion erinnert jedes Jahr erneut an die Befreiung vom Hitlerfaschismus. Jugendaktionsausschuss &#8211; Notstand der Republik Die Internetseite des Jugendaktionsausschuss &#8211; Notstand der Republik, der bei der Koordinierung des Kampfes gegen den Notstand der Republik vor allem im [&hellip;]<\/p>\n","protected":false},"author":2,"featured_media":0,"parent":0,"menu_order":0,"comment_status":"closed","ping_status":"closed","template":"","meta":{"footnotes":""},"class_list":["post-530","page","type-page","status-publish","hentry"],"_links":{"self":[{"href":"https:\/\/www.revolutionaere-front.de\/wordpress\/index.php?rest_route=\/wp\/v2\/pages\/530","targetHints":{"allow":["GET"]}}],"collection":[{"href":"https:\/\/www.revolutionaere-front.de\/wordpress\/index.php?rest_route=\/wp\/v2\/pages"}],"about":[{"href":"https:\/\/www.revolutionaere-front.de\/wordpress\/index.php?rest_route=\/wp\/v2\/types\/page"}],"author":[{"embeddable":true,"href":"https:\/\/www.revolutionaere-front.de\/wordpress\/index.php?rest_route=\/wp\/v2\/users\/2"}],"replies":[{"embeddable":true,"href":"https:\/\/www.revolutionaere-front.de\/wordpress\/index.php?rest_route=%2Fwp%2Fv2%2Fcomments&post=530"}],"version-history":[{"count":20,"href":"https:\/\/www.revolutionaere-front.de\/wordpress\/index.php?rest_route=\/wp\/v2\/pages\/530\/revisions"}],"predecessor-version":[{"id":599,"href":"https:\/\/www.revolutionaere-front.de\/wordpress\/index.php?rest_route=\/wp\/v2\/pages\/530\/revisions\/599"}],"wp:attachment":[{"href":"https:\/\/www.revolutionaere-front.de\/wordpress\/index.php?rest_route=%2Fwp%2Fv2%2Fmedia&parent=530"}],"curies":[{"name":"wp","href":"https:\/\/api.w.org\/{rel}","templated":true}]}}